{"id":143,"date":"2015-04-03T12:21:41","date_gmt":"2015-04-03T11:21:41","guid":{"rendered":"http:\/\/francoisrouan.net\/?page_id=143"},"modified":"2018-08-07T20:37:01","modified_gmt":"2018-08-07T19:37:01","slug":"books","status":"publish","type":"page","link":"https:\/\/francoisrouan.net\/?page_id=143&lang=en","title":{"rendered":"Books"},"content":{"rendered":"<figure id=\"attachment_675\" aria-describedby=\"caption-attachment-675\" style=\"width: 240px\" class=\"wp-caption alignleft\"><img loading=\"lazy\" class=\"alignleft wp-image-1222 size-medium\" src=\"http:\/\/francoisrouan.net\/wp-content\/uploads\/2015\/04\/Dire-ou-ne-pas-dire-240x300.jpg\" alt=\"\" width=\"240\" height=\"300\" srcset=\"https:\/\/francoisrouan.net\/wp-content\/uploads\/2015\/04\/Dire-ou-ne-pas-dire-240x300.jpg 240w, https:\/\/francoisrouan.net\/wp-content\/uploads\/2015\/04\/Dire-ou-ne-pas-dire-200x250.jpg 200w, https:\/\/francoisrouan.net\/wp-content\/uploads\/2015\/04\/Dire-ou-ne-pas-dire.jpg 320w\" sizes=\"(max-width: 240px) 100vw, 240px\" \/><figcaption id=\"caption-attachment-675\" class=\"wp-caption-text\"><a href=\"http:\/\/francoisrouan.net\/?p=1209&#038;lang=en\"><em>Dire ou ne pas dire<\/em>, 2017<\/a><\/figcaption><\/figure>\n<figure id=\"attachment_675\" aria-describedby=\"caption-attachment-675\" style=\"width: 240px\" class=\"wp-caption alignleft\"><img loading=\"lazy\" class=\"wp-image-675 size-full\" src=\"http:\/\/francoisrouan.net\/wp-content\/uploads\/2015\/04\/sienne-couv.jpg\" alt=\"\u00d4 saisons, \u00f4 ch\u00e2teaux\" width=\"240\" height=\"300\" srcset=\"https:\/\/francoisrouan.net\/wp-content\/uploads\/2015\/04\/sienne-couv.jpg 240w, https:\/\/francoisrouan.net\/wp-content\/uploads\/2015\/04\/sienne-couv-200x250.jpg 200w\" sizes=\"(max-width: 240px) 100vw, 240px\" \/><figcaption id=\"caption-attachment-675\" class=\"wp-caption-text\"><a href=\"http:\/\/francoisrouan.net\/?p=561&amp;lang=en\"><em>\u00d4 saisons, \u00f4 ch\u00e2teaux<\/em>, 2015<\/a><\/figcaption><\/figure>\n<figure id=\"attachment_621\" aria-describedby=\"caption-attachment-621\" style=\"width: 240px\" class=\"wp-caption alignleft\"><img loading=\"lazy\" class=\"wp-image-621 size-full\" src=\"http:\/\/francoisrouan.net\/wp-content\/uploads\/2015\/04\/trotteuses-couv2.jpg\" alt=\"Trotteuses\" width=\"240\" height=\"300\" srcset=\"https:\/\/francoisrouan.net\/wp-content\/uploads\/2015\/04\/trotteuses-couv2.jpg 240w, https:\/\/francoisrouan.net\/wp-content\/uploads\/2015\/04\/trotteuses-couv2-200x250.jpg 200w\" sizes=\"(max-width: 240px) 100vw, 240px\" \/><figcaption id=\"caption-attachment-621\" class=\"wp-caption-text\"><a href=\"http:\/\/francoisrouan.net\/?p=186&amp;lang=en\"><em>Trotteuses<\/em>, 2014<\/a><\/figcaption><\/figure>\n<figure id=\"attachment_618\" aria-describedby=\"caption-attachment-618\" style=\"width: 240px\" class=\"wp-caption alignleft\"><img loading=\"lazy\" class=\"wp-image-618 size-full\" src=\"http:\/\/francoisrouan.net\/wp-content\/uploads\/2015\/04\/chemin-couv3.jpg\" alt=\"Le chemin d\u2019encre \/ \u0637\u0631\u064a\u0642\u064f \u0627\u0644\u0645\u062f\u064e\u0627\u062f\" width=\"240\" height=\"300\" srcset=\"https:\/\/francoisrouan.net\/wp-content\/uploads\/2015\/04\/chemin-couv3.jpg 240w, https:\/\/francoisrouan.net\/wp-content\/uploads\/2015\/04\/chemin-couv3-200x250.jpg 200w\" sizes=\"(max-width: 240px) 100vw, 240px\" \/><figcaption id=\"caption-attachment-618\" class=\"wp-caption-text\"><a href=\"http:\/\/francoisrouan.net\/?p=182&amp;lang=en\"><em>Le chemin d\u2019encre \/\u0637\u0631\u064a\u0642\u064f \u0627\u0644\u0645\u062f\u064e\u0627\u062f<\/em>,<br \/>2013<\/a><\/figcaption><\/figure>\n<figure id=\"attachment_619\" aria-describedby=\"caption-attachment-619\" style=\"width: 240px\" class=\"wp-caption alignleft\"><img loading=\"lazy\" class=\"wp-image-619 size-full\" src=\"http:\/\/francoisrouan.net\/wp-content\/uploads\/2015\/04\/jardin-couv2.jpg\" alt=\"Ce jardin d\u2019encre \/ Este jardin de tinta\" width=\"240\" height=\"300\" srcset=\"https:\/\/francoisrouan.net\/wp-content\/uploads\/2015\/04\/jardin-couv2.jpg 240w, https:\/\/francoisrouan.net\/wp-content\/uploads\/2015\/04\/jardin-couv2-200x250.jpg 200w\" sizes=\"(max-width: 240px) 100vw, 240px\" \/><figcaption id=\"caption-attachment-619\" class=\"wp-caption-text\"><a href=\"http:\/\/francoisrouan.net\/?p=170&amp;lang=en\"><em>Ce jardin d\u2019encre \/ <br \/>Este jardin de tinta<\/em>, 2011<\/a><\/figcaption><\/figure>\n<figure id=\"attachment_620\" aria-describedby=\"caption-attachment-620\" style=\"width: 240px\" class=\"wp-caption alignleft\"><img loading=\"lazy\" class=\"wp-image-620 size-full\" src=\"http:\/\/francoisrouan.net\/wp-content\/uploads\/2015\/04\/rouan-peintre-couv2.jpg\" alt=\"Rouan le peintre\" width=\"240\" height=\"300\" srcset=\"https:\/\/francoisrouan.net\/wp-content\/uploads\/2015\/04\/rouan-peintre-couv2.jpg 240w, https:\/\/francoisrouan.net\/wp-content\/uploads\/2015\/04\/rouan-peintre-couv2-200x250.jpg 200w\" sizes=\"(max-width: 240px) 100vw, 240px\" \/><figcaption id=\"caption-attachment-620\" class=\"wp-caption-text\"><a href=\"http:\/\/francoisrouan.net\/?p=156&amp;lang=en\"><em>Rouan le peintre<\/em>, 2008<\/a><\/figcaption><\/figure>\n","protected":false},"excerpt":{"rendered":"","protected":false},"author":1,"featured_media":0,"parent":0,"menu_order":0,"comment_status":"closed","ping_status":"closed","template":"","meta":[],"_links":{"self":[{"href":"https:\/\/francoisrouan.net\/index.php?rest_route=\/wp\/v2\/pages\/143"}],"collection":[{"href":"https:\/\/francoisrouan.net\/index.php?rest_route=\/wp\/v2\/pages"}],"about":[{"href":"https:\/\/francoisrouan.net\/index.php?rest_route=\/wp\/v2\/types\/page"}],"author":[{"embeddable":true,"href":"https:\/\/francoisrouan.net\/index.php?rest_route=\/wp\/v2\/users\/1"}],"replies":[{"embeddable":true,"href":"https:\/\/francoisrouan.net\/index.php?rest_route=%2Fwp%2Fv2%2Fcomments&post=143"}],"version-history":[{"count":27,"href":"https:\/\/francoisrouan.net\/index.php?rest_route=\/wp\/v2\/pages\/143\/revisions"}],"predecessor-version":[{"id":1584,"href":"https:\/\/francoisrouan.net\/index.php?rest_route=\/wp\/v2\/pages\/143\/revisions\/1584"}],"wp:attachment":[{"href":"https:\/\/francoisrouan.net\/index.php?rest_route=%2Fwp%2Fv2%2Fmedia&parent=143"}],"curies":[{"name":"wp","href":"https:\/\/api.w.org\/{rel}","templated":true}]}}