{"id":141,"date":"2015-04-03T12:23:16","date_gmt":"2015-04-03T11:23:16","guid":{"rendered":"http:\/\/francoisrouan.net\/?page_id=141"},"modified":"2021-04-17T19:54:49","modified_gmt":"2021-04-17T18:54:49","slug":"livres","status":"publish","type":"page","link":"https:\/\/francoisrouan.net\/?page_id=141&lang=fr","title":{"rendered":"Livres"},"content":{"rendered":"\n<div class=\"wp-block-columns\">\n<div class=\"wp-block-column\">\n<figure class=\"wp-block-image size-large\"><a href=\"http:\/\/francoisrouan.net\/wp-content\/uploads\/2021\/04\/couv_comp_sans-marge.jpg\"><img loading=\"lazy\" width=\"240\" height=\"300\" src=\"http:\/\/francoisrouan.net\/wp-content\/uploads\/2021\/04\/couv_comp_sans-marge.jpg\" alt=\"\" class=\"wp-image-1888\" srcset=\"https:\/\/francoisrouan.net\/wp-content\/uploads\/2021\/04\/couv_comp_sans-marge.jpg 240w, https:\/\/francoisrouan.net\/wp-content\/uploads\/2021\/04\/couv_comp_sans-marge-200x250.jpg 200w, https:\/\/francoisrouan.net\/wp-content\/uploads\/2021\/04\/couv_comp_sans-marge-48x60.jpg 48w, https:\/\/francoisrouan.net\/wp-content\/uploads\/2021\/04\/couv_comp_sans-marge-72x90.jpg 72w\" sizes=\"(max-width: 240px) 100vw, 240px\" \/><\/a><figcaption><a href=\"http:\/\/francoisrouan.net\/?p=1843&amp;lang=fr\"><em>Photographies<\/em>, 2019<\/a><\/figcaption><\/figure>\n<\/div>\n\n\n\n<div class=\"wp-block-column\">\n<figure class=\"wp-block-image size-large\"><a href=\"http:\/\/francoisrouan.net\/wp-content\/uploads\/2021\/04\/Dire-ou-ne-pas-dire_sans_maege.jpg\"><img loading=\"lazy\" width=\"240\" height=\"300\" src=\"http:\/\/francoisrouan.net\/wp-content\/uploads\/2021\/04\/Dire-ou-ne-pas-dire_sans_maege.jpg\" alt=\"\" class=\"wp-image-1889\" srcset=\"https:\/\/francoisrouan.net\/wp-content\/uploads\/2021\/04\/Dire-ou-ne-pas-dire_sans_maege.jpg 240w, https:\/\/francoisrouan.net\/wp-content\/uploads\/2021\/04\/Dire-ou-ne-pas-dire_sans_maege-200x250.jpg 200w, https:\/\/francoisrouan.net\/wp-content\/uploads\/2021\/04\/Dire-ou-ne-pas-dire_sans_maege-48x60.jpg 48w, https:\/\/francoisrouan.net\/wp-content\/uploads\/2021\/04\/Dire-ou-ne-pas-dire_sans_maege-72x90.jpg 72w\" sizes=\"(max-width: 240px) 100vw, 240px\" \/><\/a><figcaption><a href=\"http:\/\/francoisrouan.net\/?p=1155&amp;lang=fr\"><em>Dire ou ne pas dire<\/em>, 2017<\/a><\/figcaption><\/figure>\n<\/div>\n\n\n\n<div class=\"wp-block-column\">\n<figure class=\"wp-block-image size-large\"><a href=\"http:\/\/francoisrouan.net\/wp-content\/uploads\/2021\/04\/sienne-couv_sans_marge.jpg\"><img loading=\"lazy\" width=\"240\" height=\"300\" src=\"http:\/\/francoisrouan.net\/wp-content\/uploads\/2021\/04\/sienne-couv_sans_marge.jpg\" alt=\"\" class=\"wp-image-1890\" srcset=\"https:\/\/francoisrouan.net\/wp-content\/uploads\/2021\/04\/sienne-couv_sans_marge.jpg 240w, https:\/\/francoisrouan.net\/wp-content\/uploads\/2021\/04\/sienne-couv_sans_marge-200x250.jpg 200w, https:\/\/francoisrouan.net\/wp-content\/uploads\/2021\/04\/sienne-couv_sans_marge-48x60.jpg 48w, https:\/\/francoisrouan.net\/wp-content\/uploads\/2021\/04\/sienne-couv_sans_marge-72x90.jpg 72w\" sizes=\"(max-width: 240px) 100vw, 240px\" \/><\/a><figcaption><a href=\"http:\/\/francoisrouan.net\/?p=544&amp;lang=fr\"><em>\u00d4 saisons, \u00f4 ch\u00e2teaux<\/em>, 2015<\/a><\/figcaption><\/figure>\n<\/div>\n<\/div>\n\n\n\n<div class=\"wp-block-columns\">\n<div class=\"wp-block-column\">\n<figure class=\"wp-block-image size-large\"><a href=\"http:\/\/francoisrouan.net\/wp-content\/uploads\/2021\/04\/trotteuses-couv_sans_Marge.jpg\"><img loading=\"lazy\" width=\"240\" height=\"300\" src=\"http:\/\/francoisrouan.net\/wp-content\/uploads\/2021\/04\/trotteuses-couv_sans_Marge.jpg\" alt=\"\" class=\"wp-image-1891\" srcset=\"https:\/\/francoisrouan.net\/wp-content\/uploads\/2021\/04\/trotteuses-couv_sans_Marge.jpg 240w, https:\/\/francoisrouan.net\/wp-content\/uploads\/2021\/04\/trotteuses-couv_sans_Marge-200x250.jpg 200w, https:\/\/francoisrouan.net\/wp-content\/uploads\/2021\/04\/trotteuses-couv_sans_Marge-48x60.jpg 48w, https:\/\/francoisrouan.net\/wp-content\/uploads\/2021\/04\/trotteuses-couv_sans_Marge-72x90.jpg 72w\" sizes=\"(max-width: 240px) 100vw, 240px\" \/><\/a><figcaption><a href=\"http:\/\/francoisrouan.net\/?p=544&amp;lang=fr\"><em><\/em><\/a><em><a href=\"http:\/\/francoisrouan.net\/?p=184&amp;lang=fr\"><em>Trotteuses<\/em>, 2014<\/a><\/em><\/figcaption><\/figure>\n<\/div>\n\n\n\n<div class=\"wp-block-column\">\n<figure class=\"wp-block-image size-large\"><a href=\"http:\/\/francoisrouan.net\/wp-content\/uploads\/2021\/04\/chemin-couv_sans_marges.jpg\"><img loading=\"lazy\" width=\"240\" height=\"300\" src=\"http:\/\/francoisrouan.net\/wp-content\/uploads\/2021\/04\/chemin-couv_sans_marges.jpg\" alt=\"\" class=\"wp-image-1892\" srcset=\"https:\/\/francoisrouan.net\/wp-content\/uploads\/2021\/04\/chemin-couv_sans_marges.jpg 240w, https:\/\/francoisrouan.net\/wp-content\/uploads\/2021\/04\/chemin-couv_sans_marges-200x250.jpg 200w, https:\/\/francoisrouan.net\/wp-content\/uploads\/2021\/04\/chemin-couv_sans_marges-48x60.jpg 48w, https:\/\/francoisrouan.net\/wp-content\/uploads\/2021\/04\/chemin-couv_sans_marges-72x90.jpg 72w\" sizes=\"(max-width: 240px) 100vw, 240px\" \/><\/a><figcaption><a href=\"http:\/\/francoisrouan.net\/?p=184&amp;lang=fr\"><em><\/em><\/a><em><a href=\"http:\/\/francoisrouan.net\/?p=179&amp;lang=fr\"><em>Le chemin d\u2019encre \/\u0637\u0631\u064a\u0642\u064f \u0627\u0644\u0645\u062f\u064e\u0627\u062f<\/em>,<br>2013<\/a><\/em><\/figcaption><\/figure>\n<\/div>\n\n\n\n<div class=\"wp-block-column\">\n<figure class=\"wp-block-image size-large\"><a href=\"http:\/\/francoisrouan.net\/wp-content\/uploads\/2021\/04\/jardin-couv_sans_marge.jpg\"><img loading=\"lazy\" width=\"240\" height=\"300\" src=\"http:\/\/francoisrouan.net\/wp-content\/uploads\/2021\/04\/jardin-couv_sans_marge.jpg\" alt=\"\" class=\"wp-image-1893\" srcset=\"https:\/\/francoisrouan.net\/wp-content\/uploads\/2021\/04\/jardin-couv_sans_marge.jpg 240w, https:\/\/francoisrouan.net\/wp-content\/uploads\/2021\/04\/jardin-couv_sans_marge-200x250.jpg 200w, https:\/\/francoisrouan.net\/wp-content\/uploads\/2021\/04\/jardin-couv_sans_marge-48x60.jpg 48w, https:\/\/francoisrouan.net\/wp-content\/uploads\/2021\/04\/jardin-couv_sans_marge-72x90.jpg 72w\" sizes=\"(max-width: 240px) 100vw, 240px\" \/><\/a><figcaption><a href=\"http:\/\/francoisrouan.net\/?p=179&amp;lang=fr\"><em><\/em><\/a><em><a href=\"http:\/\/francoisrouan.net\/?p=163&amp;lang=fr\"><em>Ce jardin d\u2019encre \/<br>Este jardin de tinta<\/em>, 2011<\/a><\/em><\/figcaption><\/figure>\n\n\n\n<p><\/p>\n<\/div>\n<\/div>\n\n\n\n<div class=\"wp-block-columns\">\n<div class=\"wp-block-column\">\n<figure class=\"wp-block-image size-large\"><a href=\"http:\/\/francoisrouan.net\/wp-content\/uploads\/2021\/04\/rouan-peintre-couv_sans_marges.jpg\"><img loading=\"lazy\" width=\"240\" height=\"300\" src=\"http:\/\/francoisrouan.net\/wp-content\/uploads\/2021\/04\/rouan-peintre-couv_sans_marges.jpg\" alt=\"\" class=\"wp-image-1894\" srcset=\"https:\/\/francoisrouan.net\/wp-content\/uploads\/2021\/04\/rouan-peintre-couv_sans_marges.jpg 240w, https:\/\/francoisrouan.net\/wp-content\/uploads\/2021\/04\/rouan-peintre-couv_sans_marges-200x250.jpg 200w, https:\/\/francoisrouan.net\/wp-content\/uploads\/2021\/04\/rouan-peintre-couv_sans_marges-48x60.jpg 48w, https:\/\/francoisrouan.net\/wp-content\/uploads\/2021\/04\/rouan-peintre-couv_sans_marges-72x90.jpg 72w\" sizes=\"(max-width: 240px) 100vw, 240px\" \/><\/a><figcaption><a href=\"http:\/\/francoisrouan.net\/?p=149&amp;lang=fr\"><em>Rouan le peintre<\/em>, 2008<\/a><\/figcaption><\/figure>\n<\/div>\n\n\n\n<div class=\"wp-block-column\"><\/div>\n\n\n\n<div class=\"wp-block-column\"><\/div>\n<\/div>\n","protected":false},"excerpt":{"rendered":"","protected":false},"author":1,"featured_media":0,"parent":0,"menu_order":0,"comment_status":"closed","ping_status":"closed","template":"","meta":[],"_links":{"self":[{"href":"https:\/\/francoisrouan.net\/index.php?rest_route=\/wp\/v2\/pages\/141"}],"collection":[{"href":"https:\/\/francoisrouan.net\/index.php?rest_route=\/wp\/v2\/pages"}],"about":[{"href":"https:\/\/francoisrouan.net\/index.php?rest_route=\/wp\/v2\/types\/page"}],"author":[{"embeddable":true,"href":"https:\/\/francoisrouan.net\/index.php?rest_route=\/wp\/v2\/users\/1"}],"replies":[{"embeddable":true,"href":"https:\/\/francoisrouan.net\/index.php?rest_route=%2Fwp%2Fv2%2Fcomments&post=141"}],"version-history":[{"count":41,"href":"https:\/\/francoisrouan.net\/index.php?rest_route=\/wp\/v2\/pages\/141\/revisions"}],"predecessor-version":[{"id":1897,"href":"https:\/\/francoisrouan.net\/index.php?rest_route=\/wp\/v2\/pages\/141\/revisions\/1897"}],"wp:attachment":[{"href":"https:\/\/francoisrouan.net\/index.php?rest_route=%2Fwp%2Fv2%2Fmedia&parent=141"}],"curies":[{"name":"wp","href":"https:\/\/api.w.org\/{rel}","templated":true}]}}