{"id":104,"date":"2015-04-02T12:04:21","date_gmt":"2015-04-02T11:04:21","guid":{"rendered":"http:\/\/francoisrouan.net\/?page_id=104"},"modified":"2018-05-08T17:26:58","modified_gmt":"2018-05-08T16:26:58","slug":"catalogues-en","status":"publish","type":"page","link":"https:\/\/francoisrouan.net\/?page_id=104&lang=en","title":{"rendered":"Catalogues"},"content":{"rendered":"<figure id=\"attachment_632\" aria-describedby=\"caption-attachment-632\" style=\"width: 240px\" class=\"wp-caption alignleft\"><img loading=\"lazy\" class=\"wp-image-632 size-full\" src=\"http:\/\/francoisrouan.net\/wp-content\/uploads\/2018\/05\/couv_comp_.jpg\" alt=\"Fran\u00e7ois Rouan \u00e0 Compi\u00e8gne\" width=\"240\" height=\"300\" \/><figcaption id=\"caption-attachment-632\" class=\"wp-caption-text\"><a href=\"http:\/\/francoisrouan.net\/?p=1507&#038;lang=en\"><em>Fran\u00e7ois Rouan \u00e0 Compi\u00e8gne<\/em>, 2018<\/a><\/figcaption><\/figure>\n<figure id=\"attachment_632\" aria-describedby=\"caption-attachment-632\" style=\"width: 240px\" class=\"wp-caption alignleft\"><img loading=\"lazy\" class=\"wp-image-632 size-full\" src=\"http:\/\/francoisrouan.net\/wp-content\/uploads\/2018\/05\/catalogue_Montpellier_vignette-2.jpg\" alt=\"Fran\u00e7ois Rouan, Tressages, 1966-2016\" width=\"240\" height=\"300\" \/><figcaption id=\"caption-attachment-632\" class=\"wp-caption-text\"><a href=\"http:\/\/francoisrouan.net\/?p=1472&amp;lang=en\"><em>Fran\u00e7ois Rouan, Tressages, 1966-2016<\/em>, 2017<\/a><\/figcaption><\/figure>\n<figure id=\"attachment_632\" aria-describedby=\"caption-attachment-632\" style=\"width: 240px\" class=\"wp-caption alignleft\"><img loading=\"lazy\" class=\"wp-image-632 size-full\" src=\"http:\/\/francoisrouan.net\/wp-content\/uploads\/2015\/04\/couv-buvards.jpg\" alt=\"Empreintes, \u00e9ponges, buvards\" width=\"240\" height=\"300\" srcset=\"https:\/\/francoisrouan.net\/wp-content\/uploads\/2015\/04\/couv-buvards.jpg 240w, https:\/\/francoisrouan.net\/wp-content\/uploads\/2015\/04\/couv-buvards-200x250.jpg 200w\" sizes=\"(max-width: 240px) 100vw, 240px\" \/><figcaption id=\"caption-attachment-632\" class=\"wp-caption-text\"><a href=\"http:\/\/francoisrouan.net\/?p=116&amp;amp;lang=en\"><em>Empreintes, \u00e9ponges, buvards<\/em>, 2014<\/a><\/figcaption><\/figure>\n<figure id=\"attachment_638\" aria-describedby=\"caption-attachment-638\" style=\"width: 240px\" class=\"wp-caption alignleft\"><img loading=\"lazy\" class=\"wp-image-638 size-full\" src=\"http:\/\/francoisrouan.net\/wp-content\/uploads\/2015\/04\/couv-decoupe1.jpg\" alt=\"La d\u00e9coupe comme mod\u00e8le\" width=\"240\" height=\"300\" srcset=\"https:\/\/francoisrouan.net\/wp-content\/uploads\/2015\/04\/couv-decoupe1.jpg 240w, https:\/\/francoisrouan.net\/wp-content\/uploads\/2015\/04\/couv-decoupe1-200x250.jpg 200w\" sizes=\"(max-width: 240px) 100vw, 240px\" \/><figcaption id=\"caption-attachment-638\" class=\"wp-caption-text\"><a href=\"http:\/\/francoisrouan.net\/?p=100&amp;amp;lang=en\"><em>La d\u00e9coupe comme mod\u00e8le<\/em>, 2011<\/a><\/figcaption><\/figure>\n","protected":false},"excerpt":{"rendered":"","protected":false},"author":1,"featured_media":0,"parent":0,"menu_order":0,"comment_status":"closed","ping_status":"closed","template":"","meta":[],"_links":{"self":[{"href":"https:\/\/francoisrouan.net\/index.php?rest_route=\/wp\/v2\/pages\/104"}],"collection":[{"href":"https:\/\/francoisrouan.net\/index.php?rest_route=\/wp\/v2\/pages"}],"about":[{"href":"https:\/\/francoisrouan.net\/index.php?rest_route=\/wp\/v2\/types\/page"}],"author":[{"embeddable":true,"href":"https:\/\/francoisrouan.net\/index.php?rest_route=\/wp\/v2\/users\/1"}],"replies":[{"embeddable":true,"href":"https:\/\/francoisrouan.net\/index.php?rest_route=%2Fwp%2Fv2%2Fcomments&post=104"}],"version-history":[{"count":19,"href":"https:\/\/francoisrouan.net\/index.php?rest_route=\/wp\/v2\/pages\/104\/revisions"}],"predecessor-version":[{"id":1595,"href":"https:\/\/francoisrouan.net\/index.php?rest_route=\/wp\/v2\/pages\/104\/revisions\/1595"}],"wp:attachment":[{"href":"https:\/\/francoisrouan.net\/index.php?rest_route=%2Fwp%2Fv2%2Fmedia&parent=104"}],"curies":[{"name":"wp","href":"https:\/\/api.w.org\/{rel}","templated":true}]}}