{"id":102,"date":"2015-04-02T12:04:07","date_gmt":"2015-04-02T11:04:07","guid":{"rendered":"http:\/\/francoisrouan.net\/?page_id=102"},"modified":"2018-05-08T17:07:30","modified_gmt":"2018-05-08T16:07:30","slug":"catalgues-fr","status":"publish","type":"page","link":"https:\/\/francoisrouan.net\/?page_id=102&lang=fr","title":{"rendered":"Catalogues"},"content":{"rendered":"<figure id=\"attachment_632\" aria-describedby=\"caption-attachment-632\" style=\"width: 240px\" class=\"wp-caption alignleft\"><img loading=\"lazy\" class=\"wp-image-632 size-full\" src=\"http:\/\/francoisrouan.net\/wp-content\/uploads\/2018\/05\/couv_comp_.jpg\" alt=\"Fran\u00e7ois Rouan \u00e0 Compi\u00e8gne\" width=\"240\" height=\"300\" \/><figcaption id=\"caption-attachment-632\" class=\"wp-caption-text\"><a href=\"http:\/\/francoisrouan.net\/?p=1371&#038;lang=fr\"><em>Fran\u00e7ois Rouan \u00e0 Compi\u00e8gne<\/em>, 2018<\/a><\/figcaption><\/figure>\n<figure id=\"attachment_632\" aria-describedby=\"caption-attachment-632\" style=\"width: 240px\" class=\"wp-caption alignleft\"><img loading=\"lazy\" class=\"wp-image-632 size-full\" src=\"http:\/\/francoisrouan.net\/wp-content\/uploads\/2018\/05\/catalogue_Montpellier_vignette-2.jpg\" alt=\"Fran\u00e7ois Rouan, Tressages, 1966-2016\" width=\"240\" height=\"300\" \/><figcaption id=\"caption-attachment-632\" class=\"wp-caption-text\"><a href=\"http:\/\/francoisrouan.net\/?p=1273&amp;lang=fr\"><em>Fran\u00e7ois Rouan, Tressages, 1966-2016<\/em>, 2017<\/a><\/figcaption><\/figure>\n<figure id=\"attachment_632\" aria-describedby=\"caption-attachment-632\" style=\"width: 240px\" class=\"wp-caption alignleft\"><img loading=\"lazy\" class=\"wp-image-632 size-full\" src=\"http:\/\/francoisrouan.net\/wp-content\/uploads\/2015\/04\/couv-buvards.jpg\" alt=\"Empreintes, \u00e9ponges, buvards\" width=\"240\" height=\"300\" srcset=\"https:\/\/francoisrouan.net\/wp-content\/uploads\/2015\/04\/couv-buvards.jpg 240w, https:\/\/francoisrouan.net\/wp-content\/uploads\/2015\/04\/couv-buvards-200x250.jpg 200w\" sizes=\"(max-width: 240px) 100vw, 240px\" \/><figcaption id=\"caption-attachment-632\" class=\"wp-caption-text\"><a href=\"http:\/\/francoisrouan.net\/?p=114&amp;amp;lang=fr\"><em>Empreintes, \u00e9ponges, buvards<\/em>, 2014<\/a><\/figcaption><\/figure>\n<figure id=\"attachment_633\" aria-describedby=\"caption-attachment-633\" style=\"width: 240px\" class=\"wp-caption alignleft\"><img loading=\"lazy\" class=\"wp-image-633 size-full\" src=\"http:\/\/francoisrouan.net\/wp-content\/uploads\/2015\/04\/couv-decoupe.jpg\" alt=\"La d\u00e9coupe comme mod\u00e8le\" width=\"240\" height=\"300\" \/><figcaption id=\"caption-attachment-633\" class=\"wp-caption-text\"><a href=\"http:\/\/francoisrouan.net\/?p=98&amp;amp;lang=fr\"><em>La d\u00e9coupe comme mod\u00e8le<\/em>, 2011<\/a><\/figcaption><\/figure>\n","protected":false},"excerpt":{"rendered":"","protected":false},"author":1,"featured_media":0,"parent":0,"menu_order":0,"comment_status":"closed","ping_status":"closed","template":"","meta":[],"_links":{"self":[{"href":"https:\/\/francoisrouan.net\/index.php?rest_route=\/wp\/v2\/pages\/102"}],"collection":[{"href":"https:\/\/francoisrouan.net\/index.php?rest_route=\/wp\/v2\/pages"}],"about":[{"href":"https:\/\/francoisrouan.net\/index.php?rest_route=\/wp\/v2\/types\/page"}],"author":[{"embeddable":true,"href":"https:\/\/francoisrouan.net\/index.php?rest_route=\/wp\/v2\/users\/1"}],"replies":[{"embeddable":true,"href":"https:\/\/francoisrouan.net\/index.php?rest_route=%2Fwp%2Fv2%2Fcomments&post=102"}],"version-history":[{"count":16,"href":"https:\/\/francoisrouan.net\/index.php?rest_route=\/wp\/v2\/pages\/102\/revisions"}],"predecessor-version":[{"id":1594,"href":"https:\/\/francoisrouan.net\/index.php?rest_route=\/wp\/v2\/pages\/102\/revisions\/1594"}],"wp:attachment":[{"href":"https:\/\/francoisrouan.net\/index.php?rest_route=%2Fwp%2Fv2%2Fmedia&parent=102"}],"curies":[{"name":"wp","href":"https:\/\/api.w.org\/{rel}","templated":true}]}}